{"id":4,"date":"2017-12-18T16:46:29","date_gmt":"2017-12-18T15:46:29","guid":{"rendered":"http:\/\/korrosion.nu\/?page_id=4"},"modified":"2019-03-14T11:52:37","modified_gmt":"2019-03-14T10:52:37","slug":"kontakt","status":"publish","type":"page","link":"https:\/\/termisksprutning.com\/index.php\/kontakt\/","title":{"rendered":"Kontakt"},"content":{"rendered":"<p>F\u00f6r att\u00a0l\u00e4sa mer om v\u00e5ra tj\u00e4nster, bes\u00f6k\u00a0 v\u00e5r hemsida <a href=\"https:\/\/www.aalberts-st.com\/sv\/loddekopinge\">h\u00e4r!<\/a><\/p>\n<p>Vill du komma i kontakt med oss s\u00e5 mejla oss p\u00e5 <a href=\"mailto:loeddekoepinge@aalberts-st.com\" rel=\"noopener noreferrer\">loeddekoepinge@aalberts-st.com<\/a>. eller ring oss p\u00e5 <a href=\"tel:+46 46 706 500\">+46 46 706 500<\/a>.<\/p>\n<p>Se \u00e4ven v\u00e5ra \u00f6vriga sidor f\u00f6r:<br \/>\n<a href=\"http:\/\/nonstick.se\/\">Non-stick bel\u00e4ggning<\/a><br \/>\n<a href=\"http:\/\/termisksprutning.com\/\">Termisk sprutning<\/a><\/p>\n","protected":false},"excerpt":{"rendered":"<p>F\u00f6r att\u00a0l\u00e4sa mer om v\u00e5ra tj\u00e4nster, bes\u00f6k\u00a0 v\u00e5r hemsida h\u00e4r! Vill du komma i kontakt med oss s\u00e5 mejla oss p\u00e5 loeddekoepinge@aalberts-st.com. eller ring oss p\u00e5 +46 46 706 500. Se \u00e4ven v\u00e5ra \u00f6vriga sidor f\u00f6r: Non-stick bel\u00e4ggning Termisk sprutning<\/p>\n","protected":false},"author":1,"featured_media":0,"parent":0,"menu_order":0,"comment_status":"closed","ping_status":"closed","template":"","meta":{"footnotes":""},"class_list":["post-4","page","type-page","status-publish","hentry"],"_links":{"self":[{"href":"https:\/\/termisksprutning.com\/index.php\/wp-json\/wp\/v2\/pages\/4","targetHints":{"allow":["GET"]}}],"collection":[{"href":"https:\/\/termisksprutning.com\/index.php\/wp-json\/wp\/v2\/pages"}],"about":[{"href":"https:\/\/termisksprutning.com\/index.php\/wp-json\/wp\/v2\/types\/page"}],"author":[{"embeddable":true,"href":"https:\/\/termisksprutning.com\/index.php\/wp-json\/wp\/v2\/users\/1"}],"replies":[{"embeddable":true,"href":"https:\/\/termisksprutning.com\/index.php\/wp-json\/wp\/v2\/comments?post=4"}],"version-history":[{"count":9,"href":"https:\/\/termisksprutning.com\/index.php\/wp-json\/wp\/v2\/pages\/4\/revisions"}],"predecessor-version":[{"id":238,"href":"https:\/\/termisksprutning.com\/index.php\/wp-json\/wp\/v2\/pages\/4\/revisions\/238"}],"wp:attachment":[{"href":"https:\/\/termisksprutning.com\/index.php\/wp-json\/wp\/v2\/media?parent=4"}],"curies":[{"name":"wp","href":"https:\/\/api.w.org\/{rel}","templated":true}]}}