{"id":1206,"date":"2025-08-22T12:35:13","date_gmt":"2025-08-22T10:35:13","guid":{"rendered":"http:\/\/termisksprutning.dev-support.mildmedia-dev.eu\/?page_id=1206"},"modified":"2025-08-22T12:39:51","modified_gmt":"2025-08-22T10:39:51","slug":"plasmasprutning","status":"publish","type":"page","link":"https:\/\/termisksprutning.com\/index.php\/plasmasprutning\/","title":{"rendered":"Plasmasprutning"},"content":{"rendered":"\t\t<div data-elementor-type=\"wp-page\" data-elementor-id=\"1206\" class=\"elementor elementor-1206\">\n\t\t\t\t\t\t<section class=\"elementor-section elementor-top-section elementor-element elementor-element-0f8bf39 elementor-section-boxed elementor-section-height-default elementor-section-height-default\" data-id=\"0f8bf39\" data-element_type=\"section\" data-e-type=\"section\" data-settings=\"{&quot;background_background&quot;:&quot;classic&quot;}\">\n\t\t\t\t\t\t\t<div class=\"elementor-background-overlay\"><\/div>\n\t\t\t\t\t\t\t<div class=\"elementor-container elementor-column-gap-default\">\n\t\t\t\t\t<div class=\"elementor-column elementor-col-100 elementor-top-column elementor-element elementor-element-bdf6ee5\" data-id=\"bdf6ee5\" data-element_type=\"column\" data-e-type=\"column\">\n\t\t\t<div class=\"elementor-widget-wrap elementor-element-populated\">\n\t\t\t\t\t\t<section class=\"elementor-section elementor-inner-section elementor-element elementor-element-6784e5a elementor-section-full_width elementor-section-height-default elementor-section-height-default\" data-id=\"6784e5a\" data-element_type=\"section\" data-e-type=\"section\">\n\t\t\t\t\t\t<div class=\"elementor-container elementor-column-gap-default\">\n\t\t\t\t\t<div class=\"elementor-column elementor-col-50 elementor-inner-column elementor-element elementor-element-076f4db\" data-id=\"076f4db\" data-element_type=\"column\" data-e-type=\"column\">\n\t\t\t<div class=\"elementor-widget-wrap elementor-element-populated\">\n\t\t\t\t\t\t<div class=\"elementor-element elementor-element-3e25751 elementor-widget elementor-widget-heading\" data-id=\"3e25751\" data-element_type=\"widget\" data-e-type=\"widget\" data-widget_type=\"heading.default\">\n\t\t\t\t<div class=\"elementor-widget-container\">\n\t\t\t\t\t<h1 class=\"elementor-heading-title elementor-size-default\">Aalberts ST L\u00f6ddek\u00f6pinge<\/h1>\t\t\t\t<\/div>\n\t\t\t\t<\/div>\n\t\t\t\t<div class=\"elementor-element elementor-element-0660021 elementor-widget elementor-widget-heading\" data-id=\"0660021\" data-element_type=\"widget\" data-e-type=\"widget\" data-widget_type=\"heading.default\">\n\t\t\t\t<div class=\"elementor-widget-container\">\n\t\t\t\t\t<h2 class=\"elementor-heading-title elementor-size-default\">Plasmasprutning<\/h2>\t\t\t\t<\/div>\n\t\t\t\t<\/div>\n\t\t\t\t<div class=\"elementor-element elementor-element-5f19ee0 elementor-widget elementor-widget-text-editor\" data-id=\"5f19ee0\" data-element_type=\"widget\" data-e-type=\"widget\" data-widget_type=\"text-editor.default\">\n\t\t\t\t<div class=\"elementor-widget-container\">\n\t\t\t\t\t\t\t\t\t<p>\u00c4r ditt f\u00f6retag i behov av plasmasprutning? P\u00e5 Aalberts ST L\u00f6ddek\u00f6pinge har vi l\u00e5ng erfarenhet av olika typer av korrosionsskyddande\u00a0ytbehandling.<\/p>\t\t\t\t\t\t\t\t<\/div>\n\t\t\t\t<\/div>\n\t\t\t\t<div class=\"elementor-element elementor-element-e8110f8 elementor-widget elementor-widget-button\" data-id=\"e8110f8\" data-element_type=\"widget\" data-e-type=\"widget\" data-widget_type=\"button.default\">\n\t\t\t\t<div class=\"elementor-widget-container\">\n\t\t\t\t\t\t\t\t\t<div class=\"elementor-button-wrapper\">\n\t\t\t\t\t<a class=\"elementor-button elementor-button-link elementor-size-sm\" href=\"https:\/\/www.aalberts-st.com\/sv\/locations\/loddekopinge\/\">\n\t\t\t\t\t\t<span class=\"elementor-button-content-wrapper\">\n\t\t\t\t\t\t<span class=\"elementor-button-icon\">\n\t\t\t\t<i aria-hidden=\"true\" class=\"fas fa-angle-right\"><\/i>\t\t\t<\/span>\n\t\t\t\t\t\t\t\t\t<span class=\"elementor-button-text\">Kontakta oss<\/span>\n\t\t\t\t\t<\/span>\n\t\t\t\t\t<\/a>\n\t\t\t\t<\/div>\n\t\t\t\t\t\t\t\t<\/div>\n\t\t\t\t<\/div>\n\t\t\t\t\t<\/div>\n\t\t<\/div>\n\t\t\t\t<div class=\"elementor-column elementor-col-50 elementor-inner-column elementor-element elementor-element-39da62b\" data-id=\"39da62b\" data-element_type=\"column\" data-e-type=\"column\">\n\t\t\t<div class=\"elementor-widget-wrap\">\n\t\t\t\t\t\t\t<\/div>\n\t\t<\/div>\n\t\t\t\t\t<\/div>\n\t\t<\/section>\n\t\t\t\t\t<\/div>\n\t\t<\/div>\n\t\t\t\t\t<\/div>\n\t\t<\/section>\n\t\t\t\t<section class=\"elementor-section elementor-top-section elementor-element elementor-element-e2259c3 elementor-section-boxed elementor-section-height-default elementor-section-height-default\" data-id=\"e2259c3\" data-element_type=\"section\" data-e-type=\"section\">\n\t\t\t\t\t\t<div class=\"elementor-container elementor-column-gap-default\">\n\t\t\t\t\t<div class=\"elementor-column elementor-col-100 elementor-top-column elementor-element elementor-element-0726d00\" data-id=\"0726d00\" data-element_type=\"column\" data-e-type=\"column\">\n\t\t\t<div class=\"elementor-widget-wrap elementor-element-populated\">\n\t\t\t\t\t\t<div class=\"elementor-element elementor-element-f8c4c03 elementor-widget elementor-widget-spacer\" data-id=\"f8c4c03\" data-element_type=\"widget\" data-e-type=\"widget\" data-widget_type=\"spacer.default\">\n\t\t\t\t<div class=\"elementor-widget-container\">\n\t\t\t\t\t\t\t<div class=\"elementor-spacer\">\n\t\t\t<div class=\"elementor-spacer-inner\"><\/div>\n\t\t<\/div>\n\t\t\t\t\t\t<\/div>\n\t\t\t\t<\/div>\n\t\t\t\t\t<\/div>\n\t\t<\/div>\n\t\t\t\t\t<\/div>\n\t\t<\/section>\n\t\t\t\t<section class=\"elementor-section elementor-top-section elementor-element elementor-element-cf8ae73 elementor-section-boxed elementor-section-height-default elementor-section-height-default\" data-id=\"cf8ae73\" data-element_type=\"section\" data-e-type=\"section\">\n\t\t\t\t\t\t<div class=\"elementor-container elementor-column-gap-default\">\n\t\t\t\t\t<div class=\"elementor-column elementor-col-50 elementor-top-column elementor-element elementor-element-d12a43a\" data-id=\"d12a43a\" data-element_type=\"column\" data-e-type=\"column\">\n\t\t\t<div class=\"elementor-widget-wrap elementor-element-populated\">\n\t\t\t\t\t\t<div class=\"elementor-element elementor-element-d516759 elementor-widget elementor-widget-heading\" data-id=\"d516759\" data-element_type=\"widget\" data-e-type=\"widget\" data-widget_type=\"heading.default\">\n\t\t\t\t<div class=\"elementor-widget-container\">\n\t\t\t\t\t<h2 class=\"elementor-heading-title elementor-size-default\">Vad \u00e4r plasmasprutning?<\/h2>\t\t\t\t<\/div>\n\t\t\t\t<\/div>\n\t\t\t\t<div class=\"elementor-element elementor-element-e60ab96 elementor-widget elementor-widget-text-editor\" data-id=\"e60ab96\" data-element_type=\"widget\" data-e-type=\"widget\" data-widget_type=\"text-editor.default\">\n\t\t\t\t<div class=\"elementor-widget-container\">\n\t\t\t\t\t\t\t\t\t<div class=\"is-layout-flow wp-block-column\"><p>Det finns olika processer man kan anv\u00e4nda sig av vid\u00a0<a href=\"https:\/\/termisksprutning.com\/\">termisk sprutning<\/a>\u00a0och de metoder vi anv\u00e4nder oss av \u00e4r\u00a0<em>plasmasprutning, flamsprutning\u00a0<\/em>och\u00a0<em>ljusb\u00e5gssprutning.\u00a0<\/em>Metoderna fungerar p\u00e5 olika s\u00e4tt och har olika anv\u00e4ndningsomr\u00e5den. Vissa av dem sprutas manuellt f\u00f6r hand med en spruta medan andra har mycket h\u00f6g v\u00e4rme och hastighet och d\u00e5 anv\u00e4nds en robot. Den robot vi anv\u00e4nder heter XYZ och den l\u00f6per p\u00e5 ett speciellt bord och anv\u00e4nds enbart av kvalificerad personal.<\/p><\/div><div class=\"is-layout-flow wp-block-column\"><div class=\"has-global-padding is-layout-constrained wp-block-group alignfull has-base-background-color has-background\"><div class=\"is-layout-flex wp-container-16 wp-block-columns alignwide\"><div class=\"is-layout-flow wp-block-column is-vertically-aligned-center\"><p class=\"has-text-color has-extra-small-font-size\">Detta \u00e4r en avancerad robot som ger oss m\u00f6jlighet att spara olika program f\u00f6r v\u00e5ra olika kunder och deras artiklar. Detta inneb\u00e4r i sin tur att vi kan leverera h\u00f6g kvalitet och d\u00e4rmed s\u00e4kerst\u00e4lla samma resultat p\u00e5 produkten varje g\u00e5ng. I \u00f6vrigt utf\u00f6rs all v\u00e5r plasmering i ett separat rum med s\u00e4rskilt utsug, ventilation och ljudisolering.<\/p><\/div><\/div><\/div><\/div>\t\t\t\t\t\t\t\t<\/div>\n\t\t\t\t<\/div>\n\t\t\t\t\t<\/div>\n\t\t<\/div>\n\t\t\t\t<div class=\"elementor-column elementor-col-50 elementor-top-column elementor-element elementor-element-2520f53 elementor-hidden-phone\" data-id=\"2520f53\" data-element_type=\"column\" data-e-type=\"column\" data-settings=\"{&quot;background_background&quot;:&quot;classic&quot;}\">\n\t\t\t<div class=\"elementor-widget-wrap\">\n\t\t\t\t\t\t\t<\/div>\n\t\t<\/div>\n\t\t\t\t\t<\/div>\n\t\t<\/section>\n\t\t\t\t<section class=\"elementor-section elementor-top-section elementor-element elementor-element-82e3290 elementor-section-boxed elementor-section-height-default elementor-section-height-default\" data-id=\"82e3290\" data-element_type=\"section\" data-e-type=\"section\">\n\t\t\t\t\t\t<div class=\"elementor-container elementor-column-gap-default\">\n\t\t\t\t\t<div class=\"elementor-column elementor-col-100 elementor-top-column elementor-element elementor-element-c0bb412\" data-id=\"c0bb412\" data-element_type=\"column\" data-e-type=\"column\">\n\t\t\t<div class=\"elementor-widget-wrap elementor-element-populated\">\n\t\t\t\t\t\t<div class=\"elementor-element elementor-element-9258c5a elementor-widget elementor-widget-heading\" data-id=\"9258c5a\" data-element_type=\"widget\" data-e-type=\"widget\" data-widget_type=\"heading.default\">\n\t\t\t\t<div class=\"elementor-widget-container\">\n\t\t\t\t\t<h2 class=\"elementor-heading-title elementor-size-default\">Hur fungerar det?\n<\/h2>\t\t\t\t<\/div>\n\t\t\t\t<\/div>\n\t\t\t\t<div class=\"elementor-element elementor-element-3c2cc2d elementor-widget elementor-widget-text-editor\" data-id=\"3c2cc2d\" data-element_type=\"widget\" data-e-type=\"widget\" data-widget_type=\"text-editor.default\">\n\t\t\t\t<div class=\"elementor-widget-container\">\n\t\t\t\t\t\t\t\t\t<p>V\u00e5ra olika processer inneb\u00e4r att vi anv\u00e4nder oss av ett pulver- eller tr\u00e5dformigt material som med h\u00f6g termisk energi sprutas p\u00e5 en yta. Metallen hettas upp till sin sm\u00e4lttemperatur och via en speciell spruta skickas materialet ut p\u00e5 den valda detaljen vilket sker under mycket h\u00f6gt tryck.<\/p><p>N\u00e4r metallen n\u00e5r ytan sm\u00e4lter den ihop och stelnar. Det h\u00f6ga trycket sker med inverkan av olika gaser och\/eller el. Genom dessa processer bildas ett extremt h\u00e5rt skikt p\u00e5 den valda komponenten.<\/p>\t\t\t\t\t\t\t\t<\/div>\n\t\t\t\t<\/div>\n\t\t\t\t<div class=\"elementor-element elementor-element-b0df25d elementor-widget elementor-widget-button\" data-id=\"b0df25d\" data-element_type=\"widget\" data-e-type=\"widget\" data-widget_type=\"button.default\">\n\t\t\t\t<div class=\"elementor-widget-container\">\n\t\t\t\t\t\t\t\t\t<div class=\"elementor-button-wrapper\">\n\t\t\t\t\t<a class=\"elementor-button elementor-button-link elementor-size-sm\" href=\"https:\/\/www.aalberts-st.com\/sv\/locations\/loddekopinge\/\">\n\t\t\t\t\t\t<span class=\"elementor-button-content-wrapper\">\n\t\t\t\t\t\t<span class=\"elementor-button-icon\">\n\t\t\t\t<i aria-hidden=\"true\" class=\"fas fa-angle-right\"><\/i>\t\t\t<\/span>\n\t\t\t\t\t\t\t\t\t<span class=\"elementor-button-text\">Kontakta oss<\/span>\n\t\t\t\t\t<\/span>\n\t\t\t\t\t<\/a>\n\t\t\t\t<\/div>\n\t\t\t\t\t\t\t\t<\/div>\n\t\t\t\t<\/div>\n\t\t\t\t\t<\/div>\n\t\t<\/div>\n\t\t\t\t\t<\/div>\n\t\t<\/section>\n\t\t\t\t<section class=\"elementor-section elementor-top-section elementor-element elementor-element-c002b63 elementor-section-boxed elementor-section-height-default elementor-section-height-default\" data-id=\"c002b63\" data-element_type=\"section\" data-e-type=\"section\">\n\t\t\t\t\t\t<div class=\"elementor-container elementor-column-gap-default\">\n\t\t\t\t\t<div class=\"elementor-column elementor-col-100 elementor-top-column elementor-element elementor-element-d8df2ec\" data-id=\"d8df2ec\" data-element_type=\"column\" data-e-type=\"column\">\n\t\t\t<div class=\"elementor-widget-wrap elementor-element-populated\">\n\t\t\t\t\t\t<div class=\"elementor-element elementor-element-0ba66c2 elementor-widget elementor-widget-heading\" data-id=\"0ba66c2\" data-element_type=\"widget\" data-e-type=\"widget\" data-widget_type=\"heading.default\">\n\t\t\t\t<div class=\"elementor-widget-container\">\n\t\t\t\t\t<h2 class=\"elementor-heading-title elementor-size-default\">F\u00f6rdelarna med plasmasprutning<\/h2>\t\t\t\t<\/div>\n\t\t\t\t<\/div>\n\t\t\t\t<div class=\"elementor-element elementor-element-cc62da3 elementor-widget elementor-widget-text-editor\" data-id=\"cc62da3\" data-element_type=\"widget\" data-e-type=\"widget\" data-widget_type=\"text-editor.default\">\n\t\t\t\t<div class=\"elementor-widget-container\">\n\t\t\t\t\t\t\t\t\t<p>Genom att ytbehandla komponenter och maskindelar med v\u00e5r plasmasprutning s\u00e5 kan f\u00f6ljande f\u00f6rdelar uppn\u00e5s:<\/p>\t\t\t\t\t\t\t\t<\/div>\n\t\t\t\t<\/div>\n\t\t\t\t\t<\/div>\n\t\t<\/div>\n\t\t\t\t\t<\/div>\n\t\t<\/section>\n\t\t\t\t<section class=\"elementor-section elementor-top-section elementor-element elementor-element-f04d3a0 elementor-section-boxed elementor-section-height-default elementor-section-height-default\" data-id=\"f04d3a0\" data-element_type=\"section\" data-e-type=\"section\">\n\t\t\t\t\t\t<div class=\"elementor-container elementor-column-gap-default\">\n\t\t\t\t\t<div class=\"elementor-column elementor-col-33 elementor-top-column elementor-element elementor-element-5033772\" data-id=\"5033772\" data-element_type=\"column\" data-e-type=\"column\">\n\t\t\t<div class=\"elementor-widget-wrap elementor-element-populated\">\n\t\t\t\t\t\t<div class=\"elementor-element elementor-element-c76b055 elementor-view-default elementor-widget elementor-widget-icon\" data-id=\"c76b055\" data-element_type=\"widget\" data-e-type=\"widget\" data-widget_type=\"icon.default\">\n\t\t\t\t<div class=\"elementor-widget-container\">\n\t\t\t\t\t\t\t<div class=\"elementor-icon-wrapper\">\n\t\t\t<div class=\"elementor-icon\">\n\t\t\t<i aria-hidden=\"true\" class=\"fas fa-tint\"><\/i>\t\t\t<\/div>\n\t\t<\/div>\n\t\t\t\t\t\t<\/div>\n\t\t\t\t<\/div>\n\t\t\t\t<div class=\"elementor-element elementor-element-682bf33 elementor-widget elementor-widget-heading\" data-id=\"682bf33\" data-element_type=\"widget\" data-e-type=\"widget\" data-widget_type=\"heading.default\">\n\t\t\t\t<div class=\"elementor-widget-container\">\n\t\t\t\t\t<h3 class=\"elementor-heading-title elementor-size-default\">Slitstark och t\u00e5lig<\/h3>\t\t\t\t<\/div>\n\t\t\t\t<\/div>\n\t\t\t\t<div class=\"elementor-element elementor-element-2fb392f elementor-widget elementor-widget-text-editor\" data-id=\"2fb392f\" data-element_type=\"widget\" data-e-type=\"widget\" data-widget_type=\"text-editor.default\">\n\t\t\t\t<div class=\"elementor-widget-container\">\n\t\t\t\t\t\t\t\t\t<p>Tack vare de f\u00f6rsta skikten av metall som man f\u00e5r av plasmasprutningen s\u00e5 f\u00e5r detaljen ett \u00f6kat slitagemotst\u00e5nd och ytan blir mer t\u00e5lig mot knivar och andra verktyg.<\/p>\t\t\t\t\t\t\t\t<\/div>\n\t\t\t\t<\/div>\n\t\t\t\t\t<\/div>\n\t\t<\/div>\n\t\t\t\t<div class=\"elementor-column elementor-col-33 elementor-top-column elementor-element elementor-element-5e8854b\" data-id=\"5e8854b\" data-element_type=\"column\" data-e-type=\"column\">\n\t\t\t<div class=\"elementor-widget-wrap elementor-element-populated\">\n\t\t\t\t\t\t<div class=\"elementor-element elementor-element-0c338b8 elementor-view-default elementor-widget elementor-widget-icon\" data-id=\"0c338b8\" data-element_type=\"widget\" data-e-type=\"widget\" data-widget_type=\"icon.default\">\n\t\t\t\t<div class=\"elementor-widget-container\">\n\t\t\t\t\t\t\t<div class=\"elementor-icon-wrapper\">\n\t\t\t<div class=\"elementor-icon\">\n\t\t\t<i aria-hidden=\"true\" class=\"fas fa-chart-line\"><\/i>\t\t\t<\/div>\n\t\t<\/div>\n\t\t\t\t\t\t<\/div>\n\t\t\t\t<\/div>\n\t\t\t\t<div class=\"elementor-element elementor-element-b2b891c elementor-widget elementor-widget-heading\" data-id=\"b2b891c\" data-element_type=\"widget\" data-e-type=\"widget\" data-widget_type=\"heading.default\">\n\t\t\t\t<div class=\"elementor-widget-container\">\n\t\t\t\t\t<h3 class=\"elementor-heading-title elementor-size-default\">\u00d6kad h\u00e5llbarhet och livsl\u00e4ngd<\/h3>\t\t\t\t<\/div>\n\t\t\t\t<\/div>\n\t\t\t\t<div class=\"elementor-element elementor-element-32a1871 elementor-widget elementor-widget-text-editor\" data-id=\"32a1871\" data-element_type=\"widget\" data-e-type=\"widget\" data-widget_type=\"text-editor.default\">\n\t\t\t\t<div class=\"elementor-widget-container\">\n\t\t\t\t\t\t\t\t\t<p>Ytbel\u00e4ggning med h\u00e5rdmetall g\u00f6r att detaljen f\u00e5r en mer slitstark yta vilket g\u00f6r att den h\u00e5ller betydligt l\u00e4ngre i en produktionsprocess \u00e4n utan plasmasprutningen.<\/p>\t\t\t\t\t\t\t\t<\/div>\n\t\t\t\t<\/div>\n\t\t\t\t\t<\/div>\n\t\t<\/div>\n\t\t\t\t<div class=\"elementor-column elementor-col-33 elementor-top-column elementor-element elementor-element-36ed1ed\" data-id=\"36ed1ed\" data-element_type=\"column\" data-e-type=\"column\">\n\t\t\t<div class=\"elementor-widget-wrap elementor-element-populated\">\n\t\t\t\t\t\t<div class=\"elementor-element elementor-element-5427fbd elementor-view-default elementor-widget elementor-widget-icon\" data-id=\"5427fbd\" data-element_type=\"widget\" data-e-type=\"widget\" data-widget_type=\"icon.default\">\n\t\t\t\t<div class=\"elementor-widget-container\">\n\t\t\t\t\t\t\t<div class=\"elementor-icon-wrapper\">\n\t\t\t<div class=\"elementor-icon\">\n\t\t\t<i aria-hidden=\"true\" class=\"fas fa-check-circle\"><\/i>\t\t\t<\/div>\n\t\t<\/div>\n\t\t\t\t\t\t<\/div>\n\t\t\t\t<\/div>\n\t\t\t\t<div class=\"elementor-element elementor-element-383a2cb elementor-widget elementor-widget-heading\" data-id=\"383a2cb\" data-element_type=\"widget\" data-e-type=\"widget\" data-widget_type=\"heading.default\">\n\t\t\t\t<div class=\"elementor-widget-container\">\n\t\t\t\t\t<h3 class=\"elementor-heading-title elementor-size-default\">Ombel\u00e4ggning n\u00e4r sliten<\/h3>\t\t\t\t<\/div>\n\t\t\t\t<\/div>\n\t\t\t\t<div class=\"elementor-element elementor-element-6a88080 elementor-widget elementor-widget-text-editor\" data-id=\"6a88080\" data-element_type=\"widget\" data-e-type=\"widget\" data-widget_type=\"text-editor.default\">\n\t\t\t\t<div class=\"elementor-widget-container\">\n\t\t\t\t\t\t\t\t\t<div class=\"has-global-padding is-layout-constrained wp-block-group alignfull has-base-background-color has-background\"><div class=\"is-layout-flex wp-container-23 wp-block-columns alignwide\"><div class=\"is-layout-flow wp-block-column\"><div class=\"wp-block-uagb-icon-list uagb-block-dcd5d263\"><div class=\"uagb-icon-list__wrap\"><div class=\"wp-block-uagb-icon-list-child uagb-block-66a06978\">N\u00e4r bel\u00e4ggningen b\u00f6rjar bli bortsliten kan man behandla om detaljen igen med plasmasprutning och detaljen blir d\u00e5 som ny igen.<\/div><\/div><\/div><\/div><\/div><\/div>\t\t\t\t\t\t\t\t<\/div>\n\t\t\t\t<\/div>\n\t\t\t\t\t<\/div>\n\t\t<\/div>\n\t\t\t\t\t<\/div>\n\t\t<\/section>\n\t\t\t\t<section class=\"elementor-section elementor-top-section elementor-element elementor-element-cf120f9 elementor-section-boxed elementor-section-height-default elementor-section-height-default\" data-id=\"cf120f9\" data-element_type=\"section\" data-e-type=\"section\">\n\t\t\t\t\t\t<div class=\"elementor-container elementor-column-gap-default\">\n\t\t\t\t\t<div class=\"elementor-column elementor-col-100 elementor-top-column elementor-element elementor-element-e83998d\" data-id=\"e83998d\" data-element_type=\"column\" data-e-type=\"column\">\n\t\t\t<div class=\"elementor-widget-wrap elementor-element-populated\">\n\t\t\t\t\t\t<div class=\"elementor-element elementor-element-a6491f0 elementor-widget elementor-widget-heading\" data-id=\"a6491f0\" data-element_type=\"widget\" data-e-type=\"widget\" data-widget_type=\"heading.default\">\n\t\t\t\t<div class=\"elementor-widget-container\">\n\t\t\t\t\t<h2 class=\"elementor-heading-title elementor-size-default\">Aalberts ST L\u00f6ddek\u00f6pinge erbjuder helhetsl\u00f6sningar<\/h2>\t\t\t\t<\/div>\n\t\t\t\t<\/div>\n\t\t\t\t<div class=\"elementor-element elementor-element-567e0c3 elementor-widget elementor-widget-text-editor\" data-id=\"567e0c3\" data-element_type=\"widget\" data-e-type=\"widget\" data-widget_type=\"text-editor.default\">\n\t\t\t\t<div class=\"elementor-widget-container\">\n\t\t\t\t\t\t\t\t\t<p>Med v\u00e5r expertis av ytbehandling och termisk sprutning kan vi erbjuda l\u00e5ngsiktiga och kostnadseffektiva helhetsl\u00f6sningar \u2013 speciellt anpassad f\u00f6r just Din verksamhet. Vi \u00e4r ett internationellt f\u00f6retag som b\u00e5de utvecklar och applicerar h\u00f6gkvalitativa ytbel\u00e4ggningar f\u00f6r industri och produktion.<\/p><p>Med kundens b\u00e4sta i fokus g\u00f6r vi allt f\u00f6r att hitta en h\u00e5llbar l\u00f6sning utefter v\u00e5ra kunders \u00f6nskem\u00e5l och krav. Kontakta oss om Du har fr\u00e5gor eller beh\u00f6ver hj\u00e4lp med plamasprutning till Dina maskiner eller produkter!<\/p>\t\t\t\t\t\t\t\t<\/div>\n\t\t\t\t<\/div>\n\t\t\t\t<div class=\"elementor-element elementor-element-4d29749 elementor-widget elementor-widget-button\" data-id=\"4d29749\" data-element_type=\"widget\" data-e-type=\"widget\" data-widget_type=\"button.default\">\n\t\t\t\t<div class=\"elementor-widget-container\">\n\t\t\t\t\t\t\t\t\t<div class=\"elementor-button-wrapper\">\n\t\t\t\t\t<a class=\"elementor-button elementor-button-link elementor-size-sm\" href=\"https:\/\/www.aalberts-st.com\/sv\/locations\/loddekopinge\/\">\n\t\t\t\t\t\t<span class=\"elementor-button-content-wrapper\">\n\t\t\t\t\t\t<span class=\"elementor-button-icon\">\n\t\t\t\t<i aria-hidden=\"true\" class=\"fas fa-angle-right\"><\/i>\t\t\t<\/span>\n\t\t\t\t\t\t\t\t\t<span class=\"elementor-button-text\">Kontakta oss<\/span>\n\t\t\t\t\t<\/span>\n\t\t\t\t\t<\/a>\n\t\t\t\t<\/div>\n\t\t\t\t\t\t\t\t<\/div>\n\t\t\t\t<\/div>\n\t\t\t\t\t<\/div>\n\t\t<\/div>\n\t\t\t\t\t<\/div>\n\t\t<\/section>\n\t\t\t\t<\/div>\n\t\t","protected":false},"excerpt":{"rendered":"<p>Aalberts ST L\u00f6ddek\u00f6pinge Plasmasprutning \u00c4r ditt f\u00f6retag i behov av plasmasprutning? P\u00e5 Aalberts ST L\u00f6ddek\u00f6pinge har vi l\u00e5ng erfarenhet av olika typer av korrosionsskyddande\u00a0ytbehandling. Kontakta oss Vad \u00e4r plasmasprutning? Det finns olika processer man kan anv\u00e4nda sig av vid\u00a0termisk sprutning\u00a0och de metoder vi anv\u00e4nder oss av \u00e4r\u00a0plasmasprutning, flamsprutning\u00a0och\u00a0ljusb\u00e5gssprutning.\u00a0Metoderna fungerar p\u00e5 olika s\u00e4tt och har olika<\/p>\n","protected":false},"author":5,"featured_media":0,"parent":0,"menu_order":0,"comment_status":"closed","ping_status":"closed","template":"elementor_header_footer","meta":{"footnotes":""},"class_list":["post-1206","page","type-page","status-publish","hentry"],"_links":{"self":[{"href":"https:\/\/termisksprutning.com\/index.php\/wp-json\/wp\/v2\/pages\/1206","targetHints":{"allow":["GET"]}}],"collection":[{"href":"https:\/\/termisksprutning.com\/index.php\/wp-json\/wp\/v2\/pages"}],"about":[{"href":"https:\/\/termisksprutning.com\/index.php\/wp-json\/wp\/v2\/types\/page"}],"author":[{"embeddable":true,"href":"https:\/\/termisksprutning.com\/index.php\/wp-json\/wp\/v2\/users\/5"}],"replies":[{"embeddable":true,"href":"https:\/\/termisksprutning.com\/index.php\/wp-json\/wp\/v2\/comments?post=1206"}],"version-history":[{"count":4,"href":"https:\/\/termisksprutning.com\/index.php\/wp-json\/wp\/v2\/pages\/1206\/revisions"}],"predecessor-version":[{"id":1212,"href":"https:\/\/termisksprutning.com\/index.php\/wp-json\/wp\/v2\/pages\/1206\/revisions\/1212"}],"wp:attachment":[{"href":"https:\/\/termisksprutning.com\/index.php\/wp-json\/wp\/v2\/media?parent=1206"}],"curies":[{"name":"wp","href":"https:\/\/api.w.org\/{rel}","templated":true}]}}