{"id":987,"date":"2021-12-21T09:08:29","date_gmt":"2021-12-21T08:08:29","guid":{"rendered":"https:\/\/korrosion.nu\/index.php\/kontaktsida\/"},"modified":"2025-08-22T12:42:18","modified_gmt":"2025-08-22T10:42:18","slug":"kontaktsida","status":"publish","type":"page","link":"https:\/\/termisksprutning.com\/da\/index.php\/kontaktsida\/","title":{"rendered":"Kontaktsida"},"content":{"rendered":"\t\t<div data-elementor-type=\"wp-page\" data-elementor-id=\"987\" class=\"elementor elementor-987 elementor-695\">\n\t\t\t\t\t\t<section class=\"elementor-section elementor-top-section elementor-element elementor-element-b7d09fc elementor-section-boxed elementor-section-height-default elementor-section-height-default\" data-id=\"b7d09fc\" data-element_type=\"section\" data-e-type=\"section\">\n\t\t\t\t\t\t<div class=\"elementor-container elementor-column-gap-default\">\n\t\t\t\t\t<div class=\"elementor-column elementor-col-100 elementor-top-column elementor-element elementor-element-c54857e\" data-id=\"c54857e\" data-element_type=\"column\" data-e-type=\"column\">\n\t\t\t<div class=\"elementor-widget-wrap\">\n\t\t\t\t\t\t\t<\/div>\n\t\t<\/div>\n\t\t\t\t\t<\/div>\n\t\t<\/section>\n\t\t\t\t<section class=\"elementor-section elementor-top-section elementor-element elementor-element-8b775a4 elementor-section-boxed elementor-section-height-default elementor-section-height-default\" data-id=\"8b775a4\" data-element_type=\"section\" data-e-type=\"section\">\n\t\t\t\t\t\t<div class=\"elementor-container elementor-column-gap-default\">\n\t\t\t\t\t<div class=\"elementor-column elementor-col-50 elementor-top-column elementor-element elementor-element-54ed6d1\" data-id=\"54ed6d1\" data-element_type=\"column\" data-e-type=\"column\">\n\t\t\t<div class=\"elementor-widget-wrap elementor-element-populated\">\n\t\t\t\t\t\t<div class=\"elementor-element elementor-element-14d1bb6 elementor-widget elementor-widget-text-editor\" data-id=\"14d1bb6\" data-element_type=\"widget\" data-e-type=\"widget\" data-widget_type=\"text-editor.default\">\n\t\t\t\t<div class=\"elementor-widget-container\">\n\t\t\t\t\t\t\t\t\tAalberts ST L\u00f6ddek\u00f6pinge\t\t\t\t\t\t\t\t<\/div>\n\t\t\t\t<\/div>\n\t\t\t\t<div class=\"elementor-element elementor-element-6cbb77a elementor-widget elementor-widget-heading\" data-id=\"6cbb77a\" data-element_type=\"widget\" data-e-type=\"widget\" data-widget_type=\"heading.default\">\n\t\t\t\t<div class=\"elementor-widget-container\">\n\t\t\t\t\t<h2 class=\"elementor-heading-title elementor-size-default\">Kontaktoplysninger\n<\/h2>\t\t\t\t<\/div>\n\t\t\t\t<\/div>\n\t\t\t\t<div class=\"elementor-element elementor-element-e56f5d7 elementor-widget elementor-widget-text-editor\" data-id=\"e56f5d7\" data-element_type=\"widget\" data-e-type=\"widget\" data-widget_type=\"text-editor.default\">\n\t\t\t\t<div class=\"elementor-widget-container\">\n\t\t\t\t\t\t\t\t\t<p>Har du sp\u00f8rgsm\u00e5l eller bekymringer? Kontakt vores kontor i L\u00f6ddek\u00f6pinge, s\u00e5 svarer vi dig. Vores omstillingsbord \u00e5bner kl. 08.00.<\/p>\t\t\t\t\t\t\t\t<\/div>\n\t\t\t\t<\/div>\n\t\t\t\t<div class=\"elementor-element elementor-element-362a4ea elementor-widget elementor-widget-text-editor\" data-id=\"362a4ea\" data-element_type=\"widget\" data-e-type=\"widget\" data-widget_type=\"text-editor.default\">\n\t\t\t\t<div class=\"elementor-widget-container\">\n\t\t\t\t\t\t\t\t\t<p><strong>Telefonnummer:<\/strong> <a href=\"tel:+46%2046%2070%2065%2000\">+46 46 70 65 00<\/a><\/p>\t\t\t\t\t\t\t\t<\/div>\n\t\t\t\t<\/div>\n\t\t\t\t<div class=\"elementor-element elementor-element-54986b5 elementor-widget elementor-widget-text-editor\" data-id=\"54986b5\" data-element_type=\"widget\" data-e-type=\"widget\" data-widget_type=\"text-editor.default\">\n\t\t\t\t<div class=\"elementor-widget-container\">\n\t\t\t\t\t\t\t\t\t<strong>Email: <\/strong><a href=\"mailto:loddekopinge@aalberts-st.com\">loddekopinge@aalberts-st.com<\/a>\t\t\t\t\t\t\t\t<\/div>\n\t\t\t\t<\/div>\n\t\t\t\t<div class=\"elementor-element elementor-element-8fe1ee7 elementor-widget elementor-widget-text-editor\" data-id=\"8fe1ee7\" data-element_type=\"widget\" data-e-type=\"widget\" data-widget_type=\"text-editor.default\">\n\t\t\t\t<div class=\"elementor-widget-container\">\n\t\t\t\t\t\t\t\t\t<p><strong>Adresse: <\/strong>Mobilv\u00e4gen 1, L\u00f6ddek\u00f6pinge<\/p>\t\t\t\t\t\t\t\t<\/div>\n\t\t\t\t<\/div>\n\t\t\t\t<div class=\"elementor-element elementor-element-47f3fd4 elementor-widget elementor-widget-button\" data-id=\"47f3fd4\" data-element_type=\"widget\" data-e-type=\"widget\" data-widget_type=\"button.default\">\n\t\t\t\t<div class=\"elementor-widget-container\">\n\t\t\t\t\t\t\t\t\t<div class=\"elementor-button-wrapper\">\n\t\t\t\t\t<a class=\"elementor-button elementor-button-link elementor-size-sm\" href=\"https:\/\/www.aalberts-st.com\/da\/locations\/loddekopinge\/\">\n\t\t\t\t\t\t<span class=\"elementor-button-content-wrapper\">\n\t\t\t\t\t\t<span class=\"elementor-button-icon\">\n\t\t\t\t<i aria-hidden=\"true\" class=\"fas fa-long-arrow-alt-right\"><\/i>\t\t\t<\/span>\n\t\t\t\t\t\t\t\t\t<span class=\"elementor-button-text\">L\u00e6s mere p\u00e5 vores hjemmeside<\/span>\n\t\t\t\t\t<\/span>\n\t\t\t\t\t<\/a>\n\t\t\t\t<\/div>\n\t\t\t\t\t\t\t\t<\/div>\n\t\t\t\t<\/div>\n\t\t\t\t\t<\/div>\n\t\t<\/div>\n\t\t\t\t<div class=\"elementor-column elementor-col-50 elementor-top-column elementor-element elementor-element-45e8a33\" data-id=\"45e8a33\" data-element_type=\"column\" data-e-type=\"column\" data-settings=\"{&quot;background_background&quot;:&quot;classic&quot;}\">\n\t\t\t<div class=\"elementor-widget-wrap elementor-element-populated\">\n\t\t\t\t\t\t<div class=\"elementor-element elementor-element-8015433 elementor-widget elementor-widget-image\" data-id=\"8015433\" data-element_type=\"widget\" data-e-type=\"widget\" data-widget_type=\"image.default\">\n\t\t\t\t<div class=\"elementor-widget-container\">\n\t\t\t\t\t\t\t\t\t\t\t\t\t\t\t<img fetchpriority=\"high\" decoding=\"async\" width=\"550\" height=\"413\" src=\"https:\/\/termisksprutning.com\/wp-content\/uploads\/2021\/12\/aALBERTS-pROCESS-tECHNOLOGIES.jpg\" class=\"attachment-large size-large wp-image-970\" alt=\"aalberts process technologies\" srcset=\"https:\/\/termisksprutning.com\/wp-content\/uploads\/2021\/12\/aALBERTS-pROCESS-tECHNOLOGIES.jpg 1024w, https:\/\/termisksprutning.com\/wp-content\/uploads\/2021\/12\/aALBERTS-pROCESS-tECHNOLOGIES-300x225.jpg 300w, https:\/\/termisksprutning.com\/wp-content\/uploads\/2021\/12\/aALBERTS-pROCESS-tECHNOLOGIES-768x576.jpg 768w\" sizes=\"(max-width: 550px) 100vw, 550px\" \/>\t\t\t\t\t\t\t\t\t\t\t\t\t\t\t<\/div>\n\t\t\t\t<\/div>\n\t\t\t\t\t<\/div>\n\t\t<\/div>\n\t\t\t\t\t<\/div>\n\t\t<\/section>\n\t\t\t\t<\/div>\n\t\t","protected":false},"excerpt":{"rendered":"<p>Aalberts ST L\u00f6ddek\u00f6pinge Kontaktoplysninger Har du sp\u00f8rgsm\u00e5l eller bekymringer? Kontakt vores kontor i L\u00f6ddek\u00f6pinge, s\u00e5 svarer vi dig. Vores omstillingsbord \u00e5bner kl. 08.00. Telefonnummer: +46 46 70 65 00 Email: loddekopinge@aalberts-st.com Adresse: Mobilv\u00e4gen 1, L\u00f6ddek\u00f6pinge L\u00e6s mere p\u00e5 vores hjemmeside<\/p>\n","protected":false},"author":1,"featured_media":0,"parent":0,"menu_order":0,"comment_status":"closed","ping_status":"closed","template":"elementor_header_footer","meta":{"footnotes":""},"class_list":["post-987","page","type-page","status-publish","hentry"],"_links":{"self":[{"href":"https:\/\/termisksprutning.com\/da\/index.php\/wp-json\/wp\/v2\/pages\/987","targetHints":{"allow":["GET"]}}],"collection":[{"href":"https:\/\/termisksprutning.com\/da\/index.php\/wp-json\/wp\/v2\/pages"}],"about":[{"href":"https:\/\/termisksprutning.com\/da\/index.php\/wp-json\/wp\/v2\/types\/page"}],"author":[{"embeddable":true,"href":"https:\/\/termisksprutning.com\/da\/index.php\/wp-json\/wp\/v2\/users\/1"}],"replies":[{"embeddable":true,"href":"https:\/\/termisksprutning.com\/da\/index.php\/wp-json\/wp\/v2\/comments?post=987"}],"version-history":[{"count":4,"href":"https:\/\/termisksprutning.com\/da\/index.php\/wp-json\/wp\/v2\/pages\/987\/revisions"}],"predecessor-version":[{"id":1091,"href":"https:\/\/termisksprutning.com\/da\/index.php\/wp-json\/wp\/v2\/pages\/987\/revisions\/1091"}],"wp:attachment":[{"href":"https:\/\/termisksprutning.com\/da\/index.php\/wp-json\/wp\/v2\/media?parent=987"}],"curies":[{"name":"wp","href":"https:\/\/api.w.org\/{rel}","templated":true}]}}