{"id":1070,"date":"2021-08-19T11:35:16","date_gmt":"2021-08-19T09:35:16","guid":{"rendered":"https:\/\/korrosion.nu\/index.php\/delta-mks\/"},"modified":"2025-09-03T11:34:32","modified_gmt":"2025-09-03T09:34:32","slug":"delta-mks","status":"publish","type":"page","link":"https:\/\/termisksprutning.com\/da\/index.php\/delta-mks\/","title":{"rendered":"PlasmaCoat\u00ae"},"content":{"rendered":"\t\t<div data-elementor-type=\"wp-page\" data-elementor-id=\"1070\" class=\"elementor elementor-1070 elementor-493\">\n\t\t\t\t\t\t<section class=\"elementor-section elementor-top-section elementor-element elementor-element-0f8bf39 elementor-section-boxed elementor-section-height-default elementor-section-height-default\" data-id=\"0f8bf39\" data-element_type=\"section\" data-e-type=\"section\" data-settings=\"{&quot;background_background&quot;:&quot;classic&quot;}\">\n\t\t\t\t\t\t\t<div class=\"elementor-background-overlay\"><\/div>\n\t\t\t\t\t\t\t<div class=\"elementor-container elementor-column-gap-default\">\n\t\t\t\t\t<div class=\"elementor-column elementor-col-100 elementor-top-column elementor-element elementor-element-bdf6ee5\" data-id=\"bdf6ee5\" data-element_type=\"column\" data-e-type=\"column\">\n\t\t\t<div class=\"elementor-widget-wrap elementor-element-populated\">\n\t\t\t\t\t\t<section class=\"elementor-section elementor-inner-section elementor-element elementor-element-6784e5a elementor-section-full_width elementor-section-height-default elementor-section-height-default\" data-id=\"6784e5a\" data-element_type=\"section\" data-e-type=\"section\">\n\t\t\t\t\t\t<div class=\"elementor-container elementor-column-gap-default\">\n\t\t\t\t\t<div class=\"elementor-column elementor-col-50 elementor-inner-column elementor-element elementor-element-076f4db\" data-id=\"076f4db\" data-element_type=\"column\" data-e-type=\"column\">\n\t\t\t<div class=\"elementor-widget-wrap elementor-element-populated\">\n\t\t\t\t\t\t<div class=\"elementor-element elementor-element-3e25751 elementor-widget elementor-widget-heading\" data-id=\"3e25751\" data-element_type=\"widget\" data-e-type=\"widget\" data-widget_type=\"heading.default\">\n\t\t\t\t<div class=\"elementor-widget-container\">\n\t\t\t\t\t<h1 class=\"elementor-heading-title elementor-size-default\">Aalberts ST L\u00f6ddek\u00f6pinge<\/h1>\t\t\t\t<\/div>\n\t\t\t\t<\/div>\n\t\t\t\t<div class=\"elementor-element elementor-element-0660021 elementor-widget elementor-widget-heading\" data-id=\"0660021\" data-element_type=\"widget\" data-e-type=\"widget\" data-widget_type=\"heading.default\">\n\t\t\t\t<div class=\"elementor-widget-container\">\n\t\t\t\t\t<h2 class=\"elementor-heading-title elementor-size-default\">PlasmaCoat\u00ae<\/h2>\t\t\t\t<\/div>\n\t\t\t\t<\/div>\n\t\t\t\t<div class=\"elementor-element elementor-element-5f19ee0 elementor-widget elementor-widget-text-editor\" data-id=\"5f19ee0\" data-element_type=\"widget\" data-e-type=\"widget\" data-widget_type=\"text-editor.default\">\n\t\t\t\t<div class=\"elementor-widget-container\">\n\t\t\t\t\t\t\t\t\t<p>Har din virksomhed brug for PlasmaCoat\u00ae? Hos Aalberts ST L\u00f6ddek\u00f6pinge har vi omfattende erfaring med forskellige typer korrosionsbeskyttende overfladebehandlinger.<\/p>\n\t\t\t\t\t\t\t\t<\/div>\n\t\t\t\t<\/div>\n\t\t\t\t<div class=\"elementor-element elementor-element-e8110f8 elementor-widget elementor-widget-button\" data-id=\"e8110f8\" data-element_type=\"widget\" data-e-type=\"widget\" data-widget_type=\"button.default\">\n\t\t\t\t<div class=\"elementor-widget-container\">\n\t\t\t\t\t\t\t\t\t<div class=\"elementor-button-wrapper\">\n\t\t\t\t\t<a class=\"elementor-button elementor-button-link elementor-size-sm\" href=\"https:\/\/www.aalberts-st.com\/da\/locations\/loddekopinge\/\">\n\t\t\t\t\t\t<span class=\"elementor-button-content-wrapper\">\n\t\t\t\t\t\t<span class=\"elementor-button-icon\">\n\t\t\t\t<i aria-hidden=\"true\" class=\"fas fa-angle-right\"><\/i>\t\t\t<\/span>\n\t\t\t\t\t\t\t\t\t<span class=\"elementor-button-text\">Kontakt os<\/span>\n\t\t\t\t\t<\/span>\n\t\t\t\t\t<\/a>\n\t\t\t\t<\/div>\n\t\t\t\t\t\t\t\t<\/div>\n\t\t\t\t<\/div>\n\t\t\t\t\t<\/div>\n\t\t<\/div>\n\t\t\t\t<div class=\"elementor-column elementor-col-50 elementor-inner-column elementor-element elementor-element-39da62b\" data-id=\"39da62b\" data-element_type=\"column\" data-e-type=\"column\">\n\t\t\t<div class=\"elementor-widget-wrap\">\n\t\t\t\t\t\t\t<\/div>\n\t\t<\/div>\n\t\t\t\t\t<\/div>\n\t\t<\/section>\n\t\t\t\t\t<\/div>\n\t\t<\/div>\n\t\t\t\t\t<\/div>\n\t\t<\/section>\n\t\t\t\t<section class=\"elementor-section elementor-top-section elementor-element elementor-element-e2259c3 elementor-section-boxed elementor-section-height-default elementor-section-height-default\" data-id=\"e2259c3\" data-element_type=\"section\" data-e-type=\"section\">\n\t\t\t\t\t\t<div class=\"elementor-container elementor-column-gap-default\">\n\t\t\t\t\t<div class=\"elementor-column elementor-col-100 elementor-top-column elementor-element elementor-element-0726d00\" data-id=\"0726d00\" data-element_type=\"column\" data-e-type=\"column\">\n\t\t\t<div class=\"elementor-widget-wrap elementor-element-populated\">\n\t\t\t\t\t\t<div class=\"elementor-element elementor-element-f8c4c03 elementor-widget elementor-widget-spacer\" data-id=\"f8c4c03\" data-element_type=\"widget\" data-e-type=\"widget\" data-widget_type=\"spacer.default\">\n\t\t\t\t<div class=\"elementor-widget-container\">\n\t\t\t\t\t\t\t<div class=\"elementor-spacer\">\n\t\t\t<div class=\"elementor-spacer-inner\"><\/div>\n\t\t<\/div>\n\t\t\t\t\t\t<\/div>\n\t\t\t\t<\/div>\n\t\t\t\t\t<\/div>\n\t\t<\/div>\n\t\t\t\t\t<\/div>\n\t\t<\/section>\n\t\t\t\t<section class=\"elementor-section elementor-top-section elementor-element elementor-element-cf8ae73 elementor-section-boxed elementor-section-height-default elementor-section-height-default\" data-id=\"cf8ae73\" data-element_type=\"section\" data-e-type=\"section\">\n\t\t\t\t\t\t<div class=\"elementor-container elementor-column-gap-default\">\n\t\t\t\t\t<div class=\"elementor-column elementor-col-50 elementor-top-column elementor-element elementor-element-d12a43a\" data-id=\"d12a43a\" data-element_type=\"column\" data-e-type=\"column\">\n\t\t\t<div class=\"elementor-widget-wrap elementor-element-populated\">\n\t\t\t\t\t\t<div class=\"elementor-element elementor-element-d516759 elementor-widget elementor-widget-heading\" data-id=\"d516759\" data-element_type=\"widget\" data-e-type=\"widget\" data-widget_type=\"heading.default\">\n\t\t\t\t<div class=\"elementor-widget-container\">\n\t\t\t\t\t<h2 class=\"elementor-heading-title elementor-size-default\">Hvad er PlasmaCoat\u00ae?<\/h2>\t\t\t\t<\/div>\n\t\t\t\t<\/div>\n\t\t\t\t<div class=\"elementor-element elementor-element-e60ab96 elementor-widget elementor-widget-text-editor\" data-id=\"e60ab96\" data-element_type=\"widget\" data-e-type=\"widget\" data-widget_type=\"text-editor.default\">\n\t\t\t\t<div class=\"elementor-widget-container\">\n\t\t\t\t\t\t\t\t\t<p>Vores overfladebel\u00e6gninger, som fremstilles ved hj\u00e6lp af termisk spr\u00f8jtning, kaldes PlasmaCoat\u00ae, og vi kalder ogs\u00e5 processen for &#8220;plasma&#8221;. Efter ordet PlasmaCoat\u00ae f\u00f8lger en femcifret talr\u00e6kke, der angiver, hvilket metal der anvendes, om vi bruger wire eller pulver, og hvilken overfladestruktur\/ruhed metallet har. Hvis der ogs\u00e5 skal anvendes et overfladelag af fluorpolymer efter metalbel\u00e6gningen, tilf\u00f8jer vi en yderligere talbetegnelse, der kommer efter metalnummerr\u00e6kken (PlasmaCoat XXXXX\/XXXX).<\/p>\n<p>Nogle af vores overfladebehandlinger er ogs\u00e5 f\u00f8devaregodkendte og kan derfor anvendes i direkte eller indirekte kontakt med f\u00f8devarer, i hvilket tilf\u00e6lde de er navngivet med &#8220;F&#8221; som det sidste bogstav i navnet.<\/p>\n\t\t\t\t\t\t\t\t<\/div>\n\t\t\t\t<\/div>\n\t\t\t\t\t<\/div>\n\t\t<\/div>\n\t\t\t\t<div class=\"elementor-column elementor-col-50 elementor-top-column elementor-element elementor-element-2520f53 elementor-hidden-phone\" data-id=\"2520f53\" data-element_type=\"column\" data-e-type=\"column\" data-settings=\"{&quot;background_background&quot;:&quot;classic&quot;}\">\n\t\t\t<div class=\"elementor-widget-wrap\">\n\t\t\t\t\t\t\t<\/div>\n\t\t<\/div>\n\t\t\t\t\t<\/div>\n\t\t<\/section>\n\t\t\t\t<section class=\"elementor-section elementor-top-section elementor-element elementor-element-82e3290 elementor-section-boxed elementor-section-height-default elementor-section-height-default\" data-id=\"82e3290\" data-element_type=\"section\" data-e-type=\"section\">\n\t\t\t\t\t\t<div class=\"elementor-container elementor-column-gap-default\">\n\t\t\t\t\t<div class=\"elementor-column elementor-col-100 elementor-top-column elementor-element elementor-element-c0bb412\" data-id=\"c0bb412\" data-element_type=\"column\" data-e-type=\"column\">\n\t\t\t<div class=\"elementor-widget-wrap elementor-element-populated\">\n\t\t\t\t\t\t<div class=\"elementor-element elementor-element-9258c5a elementor-widget elementor-widget-heading\" data-id=\"9258c5a\" data-element_type=\"widget\" data-e-type=\"widget\" data-widget_type=\"heading.default\">\n\t\t\t\t<div class=\"elementor-widget-container\">\n\t\t\t\t\t<h2 class=\"elementor-heading-title elementor-size-default\">Hvordan fungerer det?<\/h2>\t\t\t\t<\/div>\n\t\t\t\t<\/div>\n\t\t\t\t<div class=\"elementor-element elementor-element-3c2cc2d elementor-widget elementor-widget-text-editor\" data-id=\"3c2cc2d\" data-element_type=\"widget\" data-e-type=\"widget\" data-widget_type=\"text-editor.default\">\n\t\t\t\t<div class=\"elementor-widget-container\">\n\t\t\t\t\t\t\t\t\t<p>N\u00e5r vi udf\u00f8rer metalspr\u00f8jtning p\u00e5 vores fabrik, er nikkel\/aluminium den mest almindelige kombination i vores proces. Andre metaller vi bruger, er wolframcarbid og kromoxid de anvendes efter kundens \u00f8nsker og komponentens anvendelsesomr\u00e5de.<br \/>Lagtykkelsen p\u00e5 vores metalbel\u00e6gninger varierer fra omkring 30 \u00b5m til flere millimeter. Fordelen er, at spr\u00f8jteprocessen kan gentages mange gange, indtil resultatet matcher den \u00f8nskede tykkelse. Ud over forskellige tykkelser kan bel\u00e6gningerne ogs\u00e5 opn\u00e5s med forskellige Ra-v\u00e6rdier efter kundens \u00f8nsker.<\/p>\n<p>For mere detaljeret information om de forskellige metoder til PlasmaCoat\u00ae, se afsnittet om plasmaspr\u00f8jtning.<\/p>\n\t\t\t\t\t\t\t\t<\/div>\n\t\t\t\t<\/div>\n\t\t\t\t<div class=\"elementor-element elementor-element-11a5f1a elementor-widget elementor-widget-button\" data-id=\"11a5f1a\" data-element_type=\"widget\" data-e-type=\"widget\" data-widget_type=\"button.default\">\n\t\t\t\t<div class=\"elementor-widget-container\">\n\t\t\t\t\t\t\t\t\t<div class=\"elementor-button-wrapper\">\n\t\t\t\t\t<a class=\"elementor-button elementor-button-link elementor-size-sm\" href=\"https:\/\/www.aalberts-st.com\/da\/locations\/loddekopinge\/\">\n\t\t\t\t\t\t<span class=\"elementor-button-content-wrapper\">\n\t\t\t\t\t\t<span class=\"elementor-button-icon\">\n\t\t\t\t<i aria-hidden=\"true\" class=\"fas fa-angle-right\"><\/i>\t\t\t<\/span>\n\t\t\t\t\t\t\t\t\t<span class=\"elementor-button-text\">Kontakt os<\/span>\n\t\t\t\t\t<\/span>\n\t\t\t\t\t<\/a>\n\t\t\t\t<\/div>\n\t\t\t\t\t\t\t\t<\/div>\n\t\t\t\t<\/div>\n\t\t\t\t\t<\/div>\n\t\t<\/div>\n\t\t\t\t\t<\/div>\n\t\t<\/section>\n\t\t\t\t<section class=\"elementor-section elementor-top-section elementor-element elementor-element-c002b63 elementor-section-boxed elementor-section-height-default elementor-section-height-default\" data-id=\"c002b63\" data-element_type=\"section\" data-e-type=\"section\">\n\t\t\t\t\t\t<div class=\"elementor-container elementor-column-gap-default\">\n\t\t\t\t\t<div class=\"elementor-column elementor-col-100 elementor-top-column elementor-element elementor-element-d8df2ec\" data-id=\"d8df2ec\" data-element_type=\"column\" data-e-type=\"column\">\n\t\t\t<div class=\"elementor-widget-wrap elementor-element-populated\">\n\t\t\t\t\t\t<div class=\"elementor-element elementor-element-0ba66c2 elementor-widget elementor-widget-heading\" data-id=\"0ba66c2\" data-element_type=\"widget\" data-e-type=\"widget\" data-widget_type=\"heading.default\">\n\t\t\t\t<div class=\"elementor-widget-container\">\n\t\t\t\t\t<h2 class=\"elementor-heading-title elementor-size-default\">Fordelene ved PlasmaCoat\u00ae<\/h2>\t\t\t\t<\/div>\n\t\t\t\t<\/div>\n\t\t\t\t<div class=\"elementor-element elementor-element-cc62da3 elementor-widget elementor-widget-text-editor\" data-id=\"cc62da3\" data-element_type=\"widget\" data-e-type=\"widget\" data-widget_type=\"text-editor.default\">\n\t\t\t\t<div class=\"elementor-widget-container\">\n\t\t\t\t\t\t\t\t\t<p>Der er mange fordele ved at overfladebehandle en virksomheds maskindele med vores PlasmaCoat\u00ae, og nogle af disse er:<\/p>\n\t\t\t\t\t\t\t\t<\/div>\n\t\t\t\t<\/div>\n\t\t\t\t\t<\/div>\n\t\t<\/div>\n\t\t\t\t\t<\/div>\n\t\t<\/section>\n\t\t\t\t<section class=\"elementor-section elementor-top-section elementor-element elementor-element-f04d3a0 elementor-section-boxed elementor-section-height-default elementor-section-height-default\" data-id=\"f04d3a0\" data-element_type=\"section\" data-e-type=\"section\">\n\t\t\t\t\t\t<div class=\"elementor-container elementor-column-gap-default\">\n\t\t\t\t\t<div class=\"elementor-column elementor-col-33 elementor-top-column elementor-element elementor-element-5033772\" data-id=\"5033772\" data-element_type=\"column\" data-e-type=\"column\">\n\t\t\t<div class=\"elementor-widget-wrap elementor-element-populated\">\n\t\t\t\t\t\t<div class=\"elementor-element elementor-element-c76b055 elementor-view-default elementor-widget elementor-widget-icon\" data-id=\"c76b055\" data-element_type=\"widget\" data-e-type=\"widget\" data-widget_type=\"icon.default\">\n\t\t\t\t<div class=\"elementor-widget-container\">\n\t\t\t\t\t\t\t<div class=\"elementor-icon-wrapper\">\n\t\t\t<div class=\"elementor-icon\">\n\t\t\t<i aria-hidden=\"true\" class=\"fas fa-tint\"><\/i>\t\t\t<\/div>\n\t\t<\/div>\n\t\t\t\t\t\t<\/div>\n\t\t\t\t<\/div>\n\t\t\t\t<div class=\"elementor-element elementor-element-682bf33 elementor-widget elementor-widget-heading\" data-id=\"682bf33\" data-element_type=\"widget\" data-e-type=\"widget\" data-widget_type=\"heading.default\">\n\t\t\t\t<div class=\"elementor-widget-container\">\n\t\t\t\t\t<h3 class=\"elementor-heading-title elementor-size-default\">Mere effektiv produktionsproces<\/h3>\t\t\t\t<\/div>\n\t\t\t\t<\/div>\n\t\t\t\t<div class=\"elementor-element elementor-element-2fb392f elementor-widget elementor-widget-text-editor\" data-id=\"2fb392f\" data-element_type=\"widget\" data-e-type=\"widget\" data-widget_type=\"text-editor.default\">\n\t\t\t\t<div class=\"elementor-widget-container\">\n\t\t\t\t\t\t\t\t\t<p>Takket v\u00e6re f\u00e6rre nedetider kan en virksomheds processer optimeres og str\u00f8mlines.<\/p>\n\t\t\t\t\t\t\t\t<\/div>\n\t\t\t\t<\/div>\n\t\t\t\t\t<\/div>\n\t\t<\/div>\n\t\t\t\t<div class=\"elementor-column elementor-col-33 elementor-top-column elementor-element elementor-element-5e8854b\" data-id=\"5e8854b\" data-element_type=\"column\" data-e-type=\"column\">\n\t\t\t<div class=\"elementor-widget-wrap elementor-element-populated\">\n\t\t\t\t\t\t<div class=\"elementor-element elementor-element-0c338b8 elementor-view-default elementor-widget elementor-widget-icon\" data-id=\"0c338b8\" data-element_type=\"widget\" data-e-type=\"widget\" data-widget_type=\"icon.default\">\n\t\t\t\t<div class=\"elementor-widget-container\">\n\t\t\t\t\t\t\t<div class=\"elementor-icon-wrapper\">\n\t\t\t<div class=\"elementor-icon\">\n\t\t\t<i aria-hidden=\"true\" class=\"fas fa-chart-line\"><\/i>\t\t\t<\/div>\n\t\t<\/div>\n\t\t\t\t\t\t<\/div>\n\t\t\t\t<\/div>\n\t\t\t\t<div class=\"elementor-element elementor-element-b2b891c elementor-widget elementor-widget-heading\" data-id=\"b2b891c\" data-element_type=\"widget\" data-e-type=\"widget\" data-widget_type=\"heading.default\">\n\t\t\t\t<div class=\"elementor-widget-container\">\n\t\t\t\t\t<h3 class=\"elementor-heading-title elementor-size-default\">Lavere vedligeholdelsesomkostninger<\/h3>\t\t\t\t<\/div>\n\t\t\t\t<\/div>\n\t\t\t\t<div class=\"elementor-element elementor-element-32a1871 elementor-widget elementor-widget-text-editor\" data-id=\"32a1871\" data-element_type=\"widget\" data-e-type=\"widget\" data-widget_type=\"text-editor.default\">\n\t\t\t\t<div class=\"elementor-widget-container\">\n\t\t\t\t\t\t\t\t\t<p>Personale og tid spares takket v\u00e6re f\u00e6rre nedetider og reduceret behov for reng\u00f8ring, hvilket reducerer omkostningerne for virksomheden.<\/p>\n\t\t\t\t\t\t\t\t<\/div>\n\t\t\t\t<\/div>\n\t\t\t\t\t<\/div>\n\t\t<\/div>\n\t\t\t\t<div class=\"elementor-column elementor-col-33 elementor-top-column elementor-element elementor-element-36ed1ed\" data-id=\"36ed1ed\" data-element_type=\"column\" data-e-type=\"column\">\n\t\t\t<div class=\"elementor-widget-wrap elementor-element-populated\">\n\t\t\t\t\t\t<div class=\"elementor-element elementor-element-5427fbd elementor-view-default elementor-widget elementor-widget-icon\" data-id=\"5427fbd\" data-element_type=\"widget\" data-e-type=\"widget\" data-widget_type=\"icon.default\">\n\t\t\t\t<div class=\"elementor-widget-container\">\n\t\t\t\t\t\t\t<div class=\"elementor-icon-wrapper\">\n\t\t\t<div class=\"elementor-icon\">\n\t\t\t<i aria-hidden=\"true\" class=\"fas fa-check-circle\"><\/i>\t\t\t<\/div>\n\t\t<\/div>\n\t\t\t\t\t\t<\/div>\n\t\t\t\t<\/div>\n\t\t\t\t<div class=\"elementor-element elementor-element-383a2cb elementor-widget elementor-widget-heading\" data-id=\"383a2cb\" data-element_type=\"widget\" data-e-type=\"widget\" data-widget_type=\"heading.default\">\n\t\t\t\t<div class=\"elementor-widget-container\">\n\t\t\t\t\t<h3 class=\"elementor-heading-title elementor-size-default\">Reduceret milj\u00f8p\u00e5virkning<\/h3>\t\t\t\t<\/div>\n\t\t\t\t<\/div>\n\t\t\t\t<div class=\"elementor-element elementor-element-6a88080 elementor-widget elementor-widget-text-editor\" data-id=\"6a88080\" data-element_type=\"widget\" data-e-type=\"widget\" data-widget_type=\"text-editor.default\">\n\t\t\t\t<div class=\"elementor-widget-container\">\n\t\t\t\t\t\t\t\t\t<p>P\u00e5 grund af mindre behov for nyproduktion af dele og brug af reng\u00f8ringsmidler er en virksomheds milj\u00f8p\u00e5virkning lavere.<\/p>\n\t\t\t\t\t\t\t\t<\/div>\n\t\t\t\t<\/div>\n\t\t\t\t\t<\/div>\n\t\t<\/div>\n\t\t\t\t\t<\/div>\n\t\t<\/section>\n\t\t\t\t<section class=\"elementor-section elementor-top-section elementor-element elementor-element-470fc99 elementor-section-boxed elementor-section-height-default elementor-section-height-default\" data-id=\"470fc99\" data-element_type=\"section\" data-e-type=\"section\">\n\t\t\t\t\t\t<div class=\"elementor-container elementor-column-gap-default\">\n\t\t\t\t\t<div class=\"elementor-column elementor-col-100 elementor-top-column elementor-element elementor-element-1e340bc\" data-id=\"1e340bc\" data-element_type=\"column\" data-e-type=\"column\">\n\t\t\t<div class=\"elementor-widget-wrap elementor-element-populated\">\n\t\t\t\t\t\t<div class=\"elementor-element elementor-element-270d34f elementor-widget elementor-widget-heading\" data-id=\"270d34f\" data-element_type=\"widget\" data-e-type=\"widget\" data-widget_type=\"heading.default\">\n\t\t\t\t<div class=\"elementor-widget-container\">\n\t\t\t\t\t<h2 class=\"elementor-heading-title elementor-size-default\">Anvendelsesomr\u00e5der for PlasmaCoat\u00ae<\/h2>\t\t\t\t<\/div>\n\t\t\t\t<\/div>\n\t\t\t\t<div class=\"elementor-element elementor-element-79962e8 elementor-widget elementor-widget-text-editor\" data-id=\"79962e8\" data-element_type=\"widget\" data-e-type=\"widget\" data-widget_type=\"text-editor.default\">\n\t\t\t\t<div class=\"elementor-widget-container\">\n\t\t\t\t\t\t\t\t\t<p>Vores PlasmaCoat\u00ae-bel\u00e6gninger kan fungere som en termisk varmebarriere, dvs. som beskyttelse af dele, der uds\u00e6ttes for ekstremt h\u00f8je temperaturer.<br \/>Enten bruges vores metalbel\u00e6gninger som beskyttelse mod varme udefra, eller som isolator, n\u00e5r der opst\u00e5r meget h\u00f8j varme inde i en del, og man ikke \u00f8nsker, at basismaterialet beskadiges, eller at varmen forsvinder.<br \/>Eksempler p\u00e5 anvendelsesomr\u00e5der er prim\u00e6rt p\u00e5 udst\u00f8dningsr\u00f8r i bilindustrien, men ogs\u00e5 p\u00e5 forskellige typer specialfremstillede plader, hvor vores overfladebel\u00e6gning fungerer som varmeleder til forskellige anvendelser.<\/p>\n\t\t\t\t\t\t\t\t<\/div>\n\t\t\t\t<\/div>\n\t\t\t\t\t<\/div>\n\t\t<\/div>\n\t\t\t\t\t<\/div>\n\t\t<\/section>\n\t\t\t\t<section class=\"elementor-section elementor-top-section elementor-element elementor-element-cf120f9 elementor-section-boxed elementor-section-height-default elementor-section-height-default\" data-id=\"cf120f9\" data-element_type=\"section\" data-e-type=\"section\">\n\t\t\t\t\t\t<div class=\"elementor-container elementor-column-gap-default\">\n\t\t\t\t\t<div class=\"elementor-column elementor-col-100 elementor-top-column elementor-element elementor-element-e83998d\" data-id=\"e83998d\" data-element_type=\"column\" data-e-type=\"column\">\n\t\t\t<div class=\"elementor-widget-wrap elementor-element-populated\">\n\t\t\t\t\t\t<div class=\"elementor-element elementor-element-a6491f0 elementor-widget elementor-widget-heading\" data-id=\"a6491f0\" data-element_type=\"widget\" data-e-type=\"widget\" data-widget_type=\"heading.default\">\n\t\t\t\t<div class=\"elementor-widget-container\">\n\t\t\t\t\t<h2 class=\"elementor-heading-title elementor-size-default\">Skr\u00e6ddersyet l\u00f8sning til din virksomhed<\/h2>\t\t\t\t<\/div>\n\t\t\t\t<\/div>\n\t\t\t\t<div class=\"elementor-element elementor-element-567e0c3 elementor-widget elementor-widget-text-editor\" data-id=\"567e0c3\" data-element_type=\"widget\" data-e-type=\"widget\" data-widget_type=\"text-editor.default\">\n\t\t\t\t<div class=\"elementor-widget-container\">\n\t\t\t\t\t\t\t\t\t<p>T\u00f8v ikke med at kontakte os, s\u00e5 fort\u00e6ller vi dig mere om, hvordan vi kan udvikle en skr\u00e6ddersyet l\u00f8sning, der hj\u00e6lper dig med at finde den rigtige PlasmaCoat\u00ae-bel\u00e6gning til din virksomhed.<br \/>Vi kommer gerne ud og bes\u00f8ger dig, s\u00e5 vi kan se, hvordan produktionsprocessen ser ud. Ved at analysere, hvordan forskellige komponenter ser ud under arbejdet, kan vi lettere finde den bedste overfladebehandling til dig.<br \/>Hvis \u00e9n overfladebehandling ikke virker, tester vi gerne en anden. Vi s\u00e6tter altid kunden i centrum, og vi arbejder aktivt p\u00e5 at tilbyde en omkostningseffektiv l\u00f8sning med fokus p\u00e5 h\u00f8j kvalitet og b\u00e6redygtighed. Velkommen med din foresp\u00f8rgsel!<\/p>\n\t\t\t\t\t\t\t\t<\/div>\n\t\t\t\t<\/div>\n\t\t\t\t<div class=\"elementor-element elementor-element-baf35be elementor-widget elementor-widget-button\" data-id=\"baf35be\" data-element_type=\"widget\" data-e-type=\"widget\" data-widget_type=\"button.default\">\n\t\t\t\t<div class=\"elementor-widget-container\">\n\t\t\t\t\t\t\t\t\t<div class=\"elementor-button-wrapper\">\n\t\t\t\t\t<a class=\"elementor-button elementor-button-link elementor-size-sm\" href=\"https:\/\/www.aalberts-st.com\/da\/locations\/loddekopinge\/\">\n\t\t\t\t\t\t<span class=\"elementor-button-content-wrapper\">\n\t\t\t\t\t\t<span class=\"elementor-button-icon\">\n\t\t\t\t<i aria-hidden=\"true\" class=\"fas fa-angle-right\"><\/i>\t\t\t<\/span>\n\t\t\t\t\t\t\t\t\t<span class=\"elementor-button-text\">Kontakt os<\/span>\n\t\t\t\t\t<\/span>\n\t\t\t\t\t<\/a>\n\t\t\t\t<\/div>\n\t\t\t\t\t\t\t\t<\/div>\n\t\t\t\t<\/div>\n\t\t\t\t\t<\/div>\n\t\t<\/div>\n\t\t\t\t\t<\/div>\n\t\t<\/section>\n\t\t\t\t<\/div>\n\t\t","protected":false},"excerpt":{"rendered":"<p>Aalberts ST L\u00f6ddek\u00f6pinge PlasmaCoat\u00ae Har din virksomhed brug for PlasmaCoat\u00ae? Hos Aalberts ST L\u00f6ddek\u00f6pinge har vi omfattende erfaring med forskellige typer korrosionsbeskyttende overfladebehandlinger. Kontakt os Hvad er PlasmaCoat\u00ae? Vores overfladebel\u00e6gninger, som fremstilles ved hj\u00e6lp af termisk spr\u00f8jtning, kaldes PlasmaCoat\u00ae, og vi kalder ogs\u00e5 processen for &#8220;plasma&#8221;. Efter ordet PlasmaCoat\u00ae f\u00f8lger en femcifret talr\u00e6kke, der angiver,<\/p>\n","protected":false},"author":1,"featured_media":0,"parent":0,"menu_order":0,"comment_status":"closed","ping_status":"closed","template":"elementor_header_footer","meta":{"footnotes":""},"class_list":["post-1070","page","type-page","status-publish","hentry"],"_links":{"self":[{"href":"https:\/\/termisksprutning.com\/da\/index.php\/wp-json\/wp\/v2\/pages\/1070","targetHints":{"allow":["GET"]}}],"collection":[{"href":"https:\/\/termisksprutning.com\/da\/index.php\/wp-json\/wp\/v2\/pages"}],"about":[{"href":"https:\/\/termisksprutning.com\/da\/index.php\/wp-json\/wp\/v2\/types\/page"}],"author":[{"embeddable":true,"href":"https:\/\/termisksprutning.com\/da\/index.php\/wp-json\/wp\/v2\/users\/1"}],"replies":[{"embeddable":true,"href":"https:\/\/termisksprutning.com\/da\/index.php\/wp-json\/wp\/v2\/comments?post=1070"}],"version-history":[{"count":21,"href":"https:\/\/termisksprutning.com\/da\/index.php\/wp-json\/wp\/v2\/pages\/1070\/revisions"}],"predecessor-version":[{"id":1264,"href":"https:\/\/termisksprutning.com\/da\/index.php\/wp-json\/wp\/v2\/pages\/1070\/revisions\/1264"}],"wp:attachment":[{"href":"https:\/\/termisksprutning.com\/da\/index.php\/wp-json\/wp\/v2\/media?parent=1070"}],"curies":[{"name":"wp","href":"https:\/\/api.w.org\/{rel}","templated":true}]}}